{"id":466,"date":"2024-06-10T11:08:02","date_gmt":"2024-06-10T11:08:02","guid":{"rendered":"https:\/\/raw.githubusercontent.com\/drfuri\/demo-content\/main\/ecomus\/fashion\/images\/?page_id=466"},"modified":"2025-04-18T14:04:45","modified_gmt":"2025-04-18T12:04:45","slug":"faq","status":"publish","type":"page","link":"https:\/\/kdsignstudio.fr\/?page_id=466","title":{"rendered":"FAQ \u2013 Vos questions sur nos produits"},"content":{"rendered":"\t\t<div data-elementor-type=\"wp-page\" data-elementor-id=\"466\" class=\"elementor elementor-466\" data-elementor-post-type=\"page\">\n\t\t\t\t<div class=\"elementor-element elementor-element-4b697a3a e-flex e-con-boxed ecomus-responsive-column ecomus-tablet-column--default ecomus-responsive-column ecomus-mobile-column--default convert--none scrubbed__false pinned__false layout--default bg--none no e-con e-parent\" data-id=\"4b697a3a\" data-element_type=\"container\" data-e-type=\"container\">\n\t\t\t\t\t<div class=\"e-con-inner\">\n\t\t<div class=\"elementor-element elementor-element-6cfa4141 e-con-full e-flex ecomus-responsive-column ecomus-tablet-column--default ecomus-responsive-column ecomus-mobile-column--default convert--none scrubbed__false pinned__false layout--default bg--none no e-con e-child\" data-id=\"6cfa4141\" data-element_type=\"container\" data-e-type=\"container\">\n\t\t\t\t<div class=\"elementor-element elementor-element-3ecdbffe elementor-widget elementor-widget-ecomus-heading\" data-id=\"3ecdbffe\" data-element_type=\"widget\" data-e-type=\"widget\" data-widget_type=\"ecomus-heading.default\">\n\t\t\t\t<div class=\"elementor-widget-container\">\n\t\t\t\t\t\t\t<div class=\"ecomus-heading-elementor\">\n\t\t\t\t<h5 class=\"ecomus-heading em-flex em-flex-align-center ecomus-heading--default\">\n\t\t\t\t\t\t\t\t\t\tCONFECTION\t\t\t\t<\/h5>\n\t\t\t<\/div>\n\t\t\t\t\t\t<\/div>\n\t\t\t\t<\/div>\n\t\t\t\t<div class=\"elementor-element elementor-element-11a032d elementor-widget elementor-widget-ecomus-accordion\" data-id=\"11a032d\" data-element_type=\"widget\" data-e-type=\"widget\" data-widget_type=\"ecomus-accordion.default\">\n\t\t\t\t<div class=\"elementor-widget-container\">\n\t\t\t\t\t\t\t<div class=\"ecomus-accordion\" role=\"tablist\">\n\t\t\t\t\t\t\t<div class=\"ecomus-accordion__item\">\n\t\t\t\t\t<div id=\"ecomus-tab-title-1841\" class=\"ecomus-accordion__title ecomus-accordion__title-default\" data-tab=\"1\" role=\"tab\" aria-controls=\"ecomus-tab-content-1841\">\n\t\t\t\t\t\t<span class=\"ecomus-svg-icon ecomus-accordion__icon ecomus-accordion__icon-default ecomus-accordion__svg-icon\">\n\t\t\t\t\t\t\t<span class=\"ecomus-svg-icon ecomus-svg-icon--arrow-bottom\" ><svg aria-hidden=\"true\" role=\"img\" focusable=\"false\" xmlns=\"http:\/\/www.w3.org\/2000\/svg\" width=\"12\" height=\"7\" viewBox=\"0 0 12 7\" fill=\"currentColor\"><path d=\"M0.738281 1.23813L6.23828 6.73813L11.7383 1.23813L10.762 0.261879L6.23828 4.78563L1.71453 0.261879L0.738281 1.23813Z\" fill=\"currentColor\"><\/path><\/svg><\/span>\t\t\t\t\t\t<\/span>\n\t\t\t\t\t\t\t\t\t\t\t\t<a class=\"ecomus-accordion__title-text\" href=\"#ecomus-tab-content-1841\">Comment sont confectionn\u00e9s vos panneaux ?<\/a>\n\t\t\t\t\t<\/div>\n\t\t\t\t\t<div id=\"ecomus-tab-content-1841\" class=\"ecomus-accordion__content clearfix\" data-tab=\"1\" role=\"tabpanel\" aria-labelledby=\"ecomus-tab-title-1841\"><p>Nos panneaux sont fabriqu\u00e9s dans notre atelier situ\u00e9 au Cannet (06). Du design au produit final, tout est r\u00e9alis\u00e9 \u00e0 la main et par nos soins.<\/p><\/div>\n\t\t\t\t<\/div>\n\t\t\t\t\t\t\t<div class=\"ecomus-accordion__item\">\n\t\t\t\t\t<div id=\"ecomus-tab-title-1842\" class=\"ecomus-accordion__title ecomus-accordion__title-default\" data-tab=\"2\" role=\"tab\" aria-controls=\"ecomus-tab-content-1842\">\n\t\t\t\t\t\t<span class=\"ecomus-svg-icon ecomus-accordion__icon ecomus-accordion__icon-default ecomus-accordion__svg-icon\">\n\t\t\t\t\t\t\t<span class=\"ecomus-svg-icon ecomus-svg-icon--arrow-bottom\" ><svg aria-hidden=\"true\" role=\"img\" focusable=\"false\" xmlns=\"http:\/\/www.w3.org\/2000\/svg\" width=\"12\" height=\"7\" viewBox=\"0 0 12 7\" fill=\"currentColor\"><path d=\"M0.738281 1.23813L6.23828 6.73813L11.7383 1.23813L10.762 0.261879L6.23828 4.78563L1.71453 0.261879L0.738281 1.23813Z\" fill=\"currentColor\"><\/path><\/svg><\/span>\t\t\t\t\t\t<\/span>\n\t\t\t\t\t\t\t\t\t\t\t\t<a class=\"ecomus-accordion__title-text\" href=\"#ecomus-tab-content-1842\">Proposez-vous des mod\u00e8les sur-mesure ?<\/a>\n\t\t\t\t\t<\/div>\n\t\t\t\t\t<div id=\"ecomus-tab-content-1842\" class=\"ecomus-accordion__content clearfix\" data-tab=\"2\" role=\"tabpanel\" aria-labelledby=\"ecomus-tab-title-1842\"><p>Oui, nous proposons des mod\u00e8les sur-mesure. Contactez-nous pour discuter de votre projet. Notez qu\u2019un design sur-mesure demande davantage de temps et peut entra\u00eener un suppl\u00e9ment (hors grilles tarifaires, horaires, enseignes, etc.). Pour la partie \u00e9v\u00e9nementielle, nous proposons \u00e9galement des mod\u00e8les semi-personnalisables.<\/p><\/div>\n\t\t\t\t<\/div>\n\t\t\t\t\t\t\t<div class=\"ecomus-accordion__item\">\n\t\t\t\t\t<div id=\"ecomus-tab-title-1843\" class=\"ecomus-accordion__title ecomus-accordion__title-default\" data-tab=\"3\" role=\"tab\" aria-controls=\"ecomus-tab-content-1843\">\n\t\t\t\t\t\t<span class=\"ecomus-svg-icon ecomus-accordion__icon ecomus-accordion__icon-default ecomus-accordion__svg-icon\">\n\t\t\t\t\t\t\t<span class=\"ecomus-svg-icon ecomus-svg-icon--arrow-bottom\" ><svg aria-hidden=\"true\" role=\"img\" focusable=\"false\" xmlns=\"http:\/\/www.w3.org\/2000\/svg\" width=\"12\" height=\"7\" viewBox=\"0 0 12 7\" fill=\"currentColor\"><path d=\"M0.738281 1.23813L6.23828 6.73813L11.7383 1.23813L10.762 0.261879L6.23828 4.78563L1.71453 0.261879L0.738281 1.23813Z\" fill=\"currentColor\"><\/path><\/svg><\/span>\t\t\t\t\t\t<\/span>\n\t\t\t\t\t\t\t\t\t\t\t\t<a class=\"ecomus-accordion__title-text\" href=\"#ecomus-tab-content-1843\">Qu\u2019est-ce qu\u2019une maquette ?<\/a>\n\t\t\t\t\t<\/div>\n\t\t\t\t\t<div id=\"ecomus-tab-content-1843\" class=\"ecomus-accordion__content clearfix\" data-tab=\"3\" role=\"tabpanel\" aria-labelledby=\"ecomus-tab-title-1843\"><p>La maquette digitale est une repr\u00e9sentation num\u00e9rique de votre panneau. Elle vous sera envoy\u00e9e avant toute confection pour vous offrir une visualisation r\u00e9aliste du produit final. Vous pouvez demander jusqu\u2019\u00e0 3 modifications. Une fois valid\u00e9e, aucune modification ne sera possible. Veillez \u00e0 bien v\u00e9rifier le texte et la mise en page avant validation.<\/p><\/div>\n\t\t\t\t<\/div>\n\t\t\t\t\t\t\t<div class=\"ecomus-accordion__item\">\n\t\t\t\t\t<div id=\"ecomus-tab-title-1844\" class=\"ecomus-accordion__title ecomus-accordion__title-default\" data-tab=\"4\" role=\"tab\" aria-controls=\"ecomus-tab-content-1844\">\n\t\t\t\t\t\t<span class=\"ecomus-svg-icon ecomus-accordion__icon ecomus-accordion__icon-default ecomus-accordion__svg-icon\">\n\t\t\t\t\t\t\t<span class=\"ecomus-svg-icon ecomus-svg-icon--arrow-bottom\" ><svg aria-hidden=\"true\" role=\"img\" focusable=\"false\" xmlns=\"http:\/\/www.w3.org\/2000\/svg\" width=\"12\" height=\"7\" viewBox=\"0 0 12 7\" fill=\"currentColor\"><path d=\"M0.738281 1.23813L6.23828 6.73813L11.7383 1.23813L10.762 0.261879L6.23828 4.78563L1.71453 0.261879L0.738281 1.23813Z\" fill=\"currentColor\"><\/path><\/svg><\/span>\t\t\t\t\t\t<\/span>\n\t\t\t\t\t\t\t\t\t\t\t\t<a class=\"ecomus-accordion__title-text\" href=\"#ecomus-tab-content-1844\">Je suis un professionnel, puis-je mettre mon logo sur mon panneau ?<\/a>\n\t\t\t\t\t<\/div>\n\t\t\t\t\t<div id=\"ecomus-tab-content-1844\" class=\"ecomus-accordion__content clearfix\" data-tab=\"4\" role=\"tabpanel\" aria-labelledby=\"ecomus-tab-title-1844\"><p>Bien s\u00fbr ! Envoyez votre logo en format AI, SVG ou PDF \u00e0 <strong><a rel=\"noopener\">kdsignstudio@gmail.com<\/a><\/strong>. Nous avons besoin d\u2019un fichier haute r\u00e9solution, g\u00e9n\u00e9ralement fourni par votre graphiste. Si vous ne poss\u00e9dez pas ces fichiers, nous proposons une reproduction compl\u00e8te du logo (service en suppl\u00e9ment, sur devis).<\/p><\/div>\n\t\t\t\t<\/div>\n\t\t\t\t\t<\/div>\n\t\t\t\t\t\t<\/div>\n\t\t\t\t<\/div>\n\t\t\t\t<div class=\"elementor-element elementor-element-625061e1 elementor-widget elementor-widget-ecomus-heading\" data-id=\"625061e1\" data-element_type=\"widget\" data-e-type=\"widget\" data-widget_type=\"ecomus-heading.default\">\n\t\t\t\t<div class=\"elementor-widget-container\">\n\t\t\t\t\t\t\t<div class=\"ecomus-heading-elementor\">\n\t\t\t\t<h5 class=\"ecomus-heading em-flex em-flex-align-center ecomus-heading--default\">\n\t\t\t\t\t\t\t\t\t\tEXP\u00c9DITION ET LIVRAISON\t\t\t\t<\/h5>\n\t\t\t<\/div>\n\t\t\t\t\t\t<\/div>\n\t\t\t\t<\/div>\n\t\t\t\t<div class=\"elementor-element elementor-element-1238beb elementor-widget elementor-widget-ecomus-accordion\" data-id=\"1238beb\" data-element_type=\"widget\" data-e-type=\"widget\" data-widget_type=\"ecomus-accordion.default\">\n\t\t\t\t<div class=\"elementor-widget-container\">\n\t\t\t\t\t\t\t<div class=\"ecomus-accordion\" role=\"tablist\">\n\t\t\t\t\t\t\t<div class=\"ecomus-accordion__item\">\n\t\t\t\t\t<div id=\"ecomus-tab-title-1911\" class=\"ecomus-accordion__title ecomus-accordion__title-default\" data-tab=\"1\" role=\"tab\" aria-controls=\"ecomus-tab-content-1911\">\n\t\t\t\t\t\t<span class=\"ecomus-svg-icon ecomus-accordion__icon ecomus-accordion__icon-default ecomus-accordion__svg-icon\">\n\t\t\t\t\t\t\t<span class=\"ecomus-svg-icon ecomus-svg-icon--arrow-bottom\" ><svg aria-hidden=\"true\" role=\"img\" focusable=\"false\" xmlns=\"http:\/\/www.w3.org\/2000\/svg\" width=\"12\" height=\"7\" viewBox=\"0 0 12 7\" fill=\"currentColor\"><path d=\"M0.738281 1.23813L6.23828 6.73813L11.7383 1.23813L10.762 0.261879L6.23828 4.78563L1.71453 0.261879L0.738281 1.23813Z\" fill=\"currentColor\"><\/path><\/svg><\/span>\t\t\t\t\t\t<\/span>\n\t\t\t\t\t\t\t\t\t\t\t\t<a class=\"ecomus-accordion__title-text\" href=\"#ecomus-tab-content-1911\">Quels sont vos d\u00e9lais de livraison ?<\/a>\n\t\t\t\t\t<\/div>\n\t\t\t\t\t<div id=\"ecomus-tab-content-1911\" class=\"ecomus-accordion__content clearfix\" data-tab=\"1\" role=\"tabpanel\" aria-labelledby=\"ecomus-tab-title-1911\"><p>Les d\u00e9lais de confection et de livraison sont g\u00e9n\u00e9ralement de <strong>7 \u00e0 10 jours ouvr\u00e9s<\/strong>, mais peuvent varier selon la demande.<\/p><\/div>\n\t\t\t\t<\/div>\n\t\t\t\t\t\t\t<div class=\"ecomus-accordion__item\">\n\t\t\t\t\t<div id=\"ecomus-tab-title-1912\" class=\"ecomus-accordion__title ecomus-accordion__title-default\" data-tab=\"2\" role=\"tab\" aria-controls=\"ecomus-tab-content-1912\">\n\t\t\t\t\t\t<span class=\"ecomus-svg-icon ecomus-accordion__icon ecomus-accordion__icon-default ecomus-accordion__svg-icon\">\n\t\t\t\t\t\t\t<span class=\"ecomus-svg-icon ecomus-svg-icon--arrow-bottom\" ><svg aria-hidden=\"true\" role=\"img\" focusable=\"false\" xmlns=\"http:\/\/www.w3.org\/2000\/svg\" width=\"12\" height=\"7\" viewBox=\"0 0 12 7\" fill=\"currentColor\"><path d=\"M0.738281 1.23813L6.23828 6.73813L11.7383 1.23813L10.762 0.261879L6.23828 4.78563L1.71453 0.261879L0.738281 1.23813Z\" fill=\"currentColor\"><\/path><\/svg><\/span>\t\t\t\t\t\t<\/span>\n\t\t\t\t\t\t\t\t\t\t\t\t<a class=\"ecomus-accordion__title-text\" href=\"#ecomus-tab-content-1912\">\u00c0 combien s\u2019\u00e9l\u00e8vent les frais de livraison ?<\/a>\n\t\t\t\t\t<\/div>\n\t\t\t\t\t<div id=\"ecomus-tab-content-1912\" class=\"ecomus-accordion__content clearfix\" data-tab=\"2\" role=\"tabpanel\" aria-labelledby=\"ecomus-tab-title-1912\"><p>Les frais de livraison sont calcul\u00e9s lors du r\u00e9capitulatif de commande.<\/p><\/div>\n\t\t\t\t<\/div>\n\t\t\t\t\t\t\t<div class=\"ecomus-accordion__item\">\n\t\t\t\t\t<div id=\"ecomus-tab-title-1913\" class=\"ecomus-accordion__title ecomus-accordion__title-default\" data-tab=\"3\" role=\"tab\" aria-controls=\"ecomus-tab-content-1913\">\n\t\t\t\t\t\t<span class=\"ecomus-svg-icon ecomus-accordion__icon ecomus-accordion__icon-default ecomus-accordion__svg-icon\">\n\t\t\t\t\t\t\t<span class=\"ecomus-svg-icon ecomus-svg-icon--arrow-bottom\" ><svg aria-hidden=\"true\" role=\"img\" focusable=\"false\" xmlns=\"http:\/\/www.w3.org\/2000\/svg\" width=\"12\" height=\"7\" viewBox=\"0 0 12 7\" fill=\"currentColor\"><path d=\"M0.738281 1.23813L6.23828 6.73813L11.7383 1.23813L10.762 0.261879L6.23828 4.78563L1.71453 0.261879L0.738281 1.23813Z\" fill=\"currentColor\"><\/path><\/svg><\/span>\t\t\t\t\t\t<\/span>\n\t\t\t\t\t\t\t\t\t\t\t\t<a class=\"ecomus-accordion__title-text\" href=\"#ecomus-tab-content-1913\">Quelles sont les options de livraison ?<\/a>\n\t\t\t\t\t<\/div>\n\t\t\t\t\t<div id=\"ecomus-tab-content-1913\" class=\"ecomus-accordion__content clearfix\" data-tab=\"3\" role=\"tabpanel\" aria-labelledby=\"ecomus-tab-title-1913\"><p>Nous proposons l\u2019exp\u00e9dition via <strong>Colissimo<\/strong> (livraison \u00e0 domicile ou en point relais). Vous avez \u00e9galement la possibilit\u00e9 de retirer votre commande directement \u00e0 notre atelier au Cannet (06).<\/p><\/div>\n\t\t\t\t<\/div>\n\t\t\t\t\t\t\t<div class=\"ecomus-accordion__item\">\n\t\t\t\t\t<div id=\"ecomus-tab-title-1914\" class=\"ecomus-accordion__title ecomus-accordion__title-default\" data-tab=\"4\" role=\"tab\" aria-controls=\"ecomus-tab-content-1914\">\n\t\t\t\t\t\t<span class=\"ecomus-svg-icon ecomus-accordion__icon ecomus-accordion__icon-default ecomus-accordion__svg-icon\">\n\t\t\t\t\t\t\t<span class=\"ecomus-svg-icon ecomus-svg-icon--arrow-bottom\" ><svg aria-hidden=\"true\" role=\"img\" focusable=\"false\" xmlns=\"http:\/\/www.w3.org\/2000\/svg\" width=\"12\" height=\"7\" viewBox=\"0 0 12 7\" fill=\"currentColor\"><path d=\"M0.738281 1.23813L6.23828 6.73813L11.7383 1.23813L10.762 0.261879L6.23828 4.78563L1.71453 0.261879L0.738281 1.23813Z\" fill=\"currentColor\"><\/path><\/svg><\/span>\t\t\t\t\t\t<\/span>\n\t\t\t\t\t\t\t\t\t\t\t\t<a class=\"ecomus-accordion__title-text\" href=\"#ecomus-tab-content-1914\">Livrez-vous \u00e0 l\u2019international ?<\/a>\n\t\t\t\t\t<\/div>\n\t\t\t\t\t<div id=\"ecomus-tab-content-1914\" class=\"ecomus-accordion__content clearfix\" data-tab=\"4\" role=\"tabpanel\" aria-labelledby=\"ecomus-tab-title-1914\"><p>Oui, nous livrons \u00e0 l\u2019\u00e9tranger. Les frais de livraison sont calcul\u00e9s lors de la finalisation de la commande.<\/p><\/div>\n\t\t\t\t<\/div>\n\t\t\t\t\t\t\t<div class=\"ecomus-accordion__item\">\n\t\t\t\t\t<div id=\"ecomus-tab-title-1915\" class=\"ecomus-accordion__title ecomus-accordion__title-default\" data-tab=\"5\" role=\"tab\" aria-controls=\"ecomus-tab-content-1915\">\n\t\t\t\t\t\t<span class=\"ecomus-svg-icon ecomus-accordion__icon ecomus-accordion__icon-default ecomus-accordion__svg-icon\">\n\t\t\t\t\t\t\t<span class=\"ecomus-svg-icon ecomus-svg-icon--arrow-bottom\" ><svg aria-hidden=\"true\" role=\"img\" focusable=\"false\" xmlns=\"http:\/\/www.w3.org\/2000\/svg\" width=\"12\" height=\"7\" viewBox=\"0 0 12 7\" fill=\"currentColor\"><path d=\"M0.738281 1.23813L6.23828 6.73813L11.7383 1.23813L10.762 0.261879L6.23828 4.78563L1.71453 0.261879L0.738281 1.23813Z\" fill=\"currentColor\"><\/path><\/svg><\/span>\t\t\t\t\t\t<\/span>\n\t\t\t\t\t\t\t\t\t\t\t\t<a class=\"ecomus-accordion__title-text\" href=\"#ecomus-tab-content-1915\">Est-il possible d\u2019\u00eatre livr\u00e9 plus rapidement ?<\/a>\n\t\t\t\t\t<\/div>\n\t\t\t\t\t<div id=\"ecomus-tab-content-1915\" class=\"ecomus-accordion__content clearfix\" data-tab=\"5\" role=\"tabpanel\" aria-labelledby=\"ecomus-tab-title-1915\"><p>Nous offrons un service prioritaire pour une livraison express, dans la limite des stocks disponibles.<\/p><\/div>\n\t\t\t\t<\/div>\n\t\t\t\t\t<\/div>\n\t\t\t\t\t\t<\/div>\n\t\t\t\t<\/div>\n\t\t\t\t<div class=\"elementor-element elementor-element-18e82e4e elementor-widget elementor-widget-ecomus-heading\" data-id=\"18e82e4e\" data-element_type=\"widget\" data-e-type=\"widget\" data-widget_type=\"ecomus-heading.default\">\n\t\t\t\t<div class=\"elementor-widget-container\">\n\t\t\t\t\t\t\t<div class=\"ecomus-heading-elementor\">\n\t\t\t\t<h5 class=\"ecomus-heading em-flex em-flex-align-center ecomus-heading--default\">\n\t\t\t\t\t\t\t\t\t\tRETOURS ET \u00c9CHANGES\t\t\t\t<\/h5>\n\t\t\t<\/div>\n\t\t\t\t\t\t<\/div>\n\t\t\t\t<\/div>\n\t\t\t\t<div class=\"elementor-element elementor-element-e526279 elementor-widget elementor-widget-ecomus-accordion\" data-id=\"e526279\" data-element_type=\"widget\" data-e-type=\"widget\" data-widget_type=\"ecomus-accordion.default\">\n\t\t\t\t<div class=\"elementor-widget-container\">\n\t\t\t\t\t\t\t<div class=\"ecomus-accordion\" role=\"tablist\">\n\t\t\t\t\t\t\t<div class=\"ecomus-accordion__item\">\n\t\t\t\t\t<div id=\"ecomus-tab-title-2401\" class=\"ecomus-accordion__title ecomus-accordion__title-default\" data-tab=\"1\" role=\"tab\" aria-controls=\"ecomus-tab-content-2401\">\n\t\t\t\t\t\t<span class=\"ecomus-svg-icon ecomus-accordion__icon ecomus-accordion__icon-default ecomus-accordion__svg-icon\">\n\t\t\t\t\t\t\t<span class=\"ecomus-svg-icon ecomus-svg-icon--arrow-bottom\" ><svg aria-hidden=\"true\" role=\"img\" focusable=\"false\" xmlns=\"http:\/\/www.w3.org\/2000\/svg\" width=\"12\" height=\"7\" viewBox=\"0 0 12 7\" fill=\"currentColor\"><path d=\"M0.738281 1.23813L6.23828 6.73813L11.7383 1.23813L10.762 0.261879L6.23828 4.78563L1.71453 0.261879L0.738281 1.23813Z\" fill=\"currentColor\"><\/path><\/svg><\/span>\t\t\t\t\t\t<\/span>\n\t\t\t\t\t\t\t\t\t\t\t\t<a class=\"ecomus-accordion__title-text\" href=\"#ecomus-tab-content-2401\">Acceptez-vous les retours ?<\/a>\n\t\t\t\t\t<\/div>\n\t\t\t\t\t<div id=\"ecomus-tab-content-2401\" class=\"ecomus-accordion__content clearfix\" data-tab=\"1\" role=\"tabpanel\" aria-labelledby=\"ecomus-tab-title-2401\"><p>Le droit de r\u00e9tractation ne s\u2019applique pas aux produits personnalis\u00e9s, et les retours ne sont donc pas accept\u00e9s. Avant toute fabrication, une maquette vous sera envoy\u00e9e pour validation. Nous nous engageons \u00e0 respecter scrupuleusement les param\u00e8tres d\u00e9finis sur la maquette (couleurs, mise en page, etc.). En cas d\u2019erreur de notre part, nous vous exp\u00e9dierons un nouveau panneau.<\/p><p>\u00a0<\/p><\/div>\n\t\t\t\t<\/div>\n\t\t\t\t\t<\/div>\n\t\t\t\t\t\t<\/div>\n\t\t\t\t<\/div>\n\t\t\t\t<div class=\"elementor-element elementor-element-1dbd0c1 elementor-widget elementor-widget-ecomus-heading\" data-id=\"1dbd0c1\" data-element_type=\"widget\" data-e-type=\"widget\" data-widget_type=\"ecomus-heading.default\">\n\t\t\t\t<div class=\"elementor-widget-container\">\n\t\t\t\t\t\t\t<div class=\"ecomus-heading-elementor\">\n\t\t\t\t<h5 class=\"ecomus-heading em-flex em-flex-align-center ecomus-heading--default\">\n\t\t\t\t\t\t\t\t\t\tENTRETIEN\t\t\t\t<\/h5>\n\t\t\t<\/div>\n\t\t\t\t\t\t<\/div>\n\t\t\t\t<\/div>\n\t\t\t\t<div class=\"elementor-element elementor-element-fcfb38d elementor-widget elementor-widget-ecomus-accordion\" data-id=\"fcfb38d\" data-element_type=\"widget\" data-e-type=\"widget\" data-widget_type=\"ecomus-accordion.default\">\n\t\t\t\t<div class=\"elementor-widget-container\">\n\t\t\t\t\t\t\t<div class=\"ecomus-accordion\" role=\"tablist\">\n\t\t\t\t\t\t\t<div class=\"ecomus-accordion__item\">\n\t\t\t\t\t<div id=\"ecomus-tab-title-2651\" class=\"ecomus-accordion__title ecomus-accordion__title-default\" data-tab=\"1\" role=\"tab\" aria-controls=\"ecomus-tab-content-2651\">\n\t\t\t\t\t\t<span class=\"ecomus-svg-icon ecomus-accordion__icon ecomus-accordion__icon-default ecomus-accordion__svg-icon\">\n\t\t\t\t\t\t\t<span class=\"ecomus-svg-icon ecomus-svg-icon--arrow-bottom\" ><svg aria-hidden=\"true\" role=\"img\" focusable=\"false\" xmlns=\"http:\/\/www.w3.org\/2000\/svg\" width=\"12\" height=\"7\" viewBox=\"0 0 12 7\" fill=\"currentColor\"><path d=\"M0.738281 1.23813L6.23828 6.73813L11.7383 1.23813L10.762 0.261879L6.23828 4.78563L1.71453 0.261879L0.738281 1.23813Z\" fill=\"currentColor\"><\/path><\/svg><\/span>\t\t\t\t\t\t<\/span>\n\t\t\t\t\t\t\t\t\t\t\t\t<a class=\"ecomus-accordion__title-text\" href=\"#ecomus-tab-content-2651\">Comment entretenir mon panneau ?<\/a>\n\t\t\t\t\t<\/div>\n\t\t\t\t\t<div id=\"ecomus-tab-content-2651\" class=\"ecomus-accordion__content clearfix\" data-tab=\"1\" role=\"tabpanel\" aria-labelledby=\"ecomus-tab-title-2651\"><p>Utilisez un chiffon doux en microfibre et un nettoyant pour vitres. \u00c9vitez les produits abrasifs tels que l\u2019ac\u00e9tone ou l\u2019alcool m\u00e9nager, qui pourraient effacer le lettrage.<\/p><\/div>\n\t\t\t\t<\/div>\n\t\t\t\t\t\t\t<div class=\"ecomus-accordion__item\">\n\t\t\t\t\t<div id=\"ecomus-tab-title-2652\" class=\"ecomus-accordion__title ecomus-accordion__title-default\" data-tab=\"2\" role=\"tab\" aria-controls=\"ecomus-tab-content-2652\">\n\t\t\t\t\t\t<span class=\"ecomus-svg-icon ecomus-accordion__icon ecomus-accordion__icon-default ecomus-accordion__svg-icon\">\n\t\t\t\t\t\t\t<span class=\"ecomus-svg-icon ecomus-svg-icon--arrow-bottom\" ><svg aria-hidden=\"true\" role=\"img\" focusable=\"false\" xmlns=\"http:\/\/www.w3.org\/2000\/svg\" width=\"12\" height=\"7\" viewBox=\"0 0 12 7\" fill=\"currentColor\"><path d=\"M0.738281 1.23813L6.23828 6.73813L11.7383 1.23813L10.762 0.261879L6.23828 4.78563L1.71453 0.261879L0.738281 1.23813Z\" fill=\"currentColor\"><\/path><\/svg><\/span>\t\t\t\t\t\t<\/span>\n\t\t\t\t\t\t\t\t\t\t\t\t<a class=\"ecomus-accordion__title-text\" href=\"#ecomus-tab-content-2652\">Comment stocker mon panneau ?<\/a>\n\t\t\t\t\t<\/div>\n\t\t\t\t\t<div id=\"ecomus-tab-content-2652\" class=\"ecomus-accordion__content clearfix\" data-tab=\"2\" role=\"tabpanel\" aria-labelledby=\"ecomus-tab-title-2652\"><p>Manipulez les panneaux avec des gants pour \u00e9viter les traces de doigts. Emballez-les dans du papier bulle et stockez-les \u00e0 l\u2019abri du soleil, surtout pour un stockage prolong\u00e9.<\/p><\/div>\n\t\t\t\t<\/div>\n\t\t\t\t\t<\/div>\n\t\t\t\t\t\t<\/div>\n\t\t\t\t<\/div>\n\t\t\t\t<\/div>\n\t\t<div class=\"elementor-element elementor-element-3a4a2ff7 e-con-full e-flex ecomus-responsive-column ecomus-tablet-column--default ecomus-responsive-column ecomus-mobile-column--default convert--none scrubbed__false pinned__false layout--default bg--none no e-con e-child\" data-id=\"3a4a2ff7\" data-element_type=\"container\" data-e-type=\"container\" data-settings=\"{&quot;background_background&quot;:&quot;classic&quot;}\">\n\t\t\t\t<div class=\"elementor-element elementor-element-3df98ffa elementor-widget elementor-widget-ecomus-heading\" data-id=\"3df98ffa\" data-element_type=\"widget\" data-e-type=\"widget\" data-widget_type=\"ecomus-heading.default\">\n\t\t\t\t<div class=\"elementor-widget-container\">\n\t\t\t\t\t\t\t<div class=\"ecomus-heading-elementor\">\n\t\t\t\t<h5 class=\"ecomus-heading em-flex em-flex-align-center ecomus-heading--default\">\n\t\t\t\t\t\t\t\t\t\tVous avez une question ?\t\t\t\t<\/h5>\n\t\t\t<\/div>\n\t\t\t\t\t\t<\/div>\n\t\t\t\t<\/div>\n\t\t\t\t<div class=\"elementor-element elementor-element-23661500 elementor-widget elementor-widget-text-editor\" data-id=\"23661500\" data-element_type=\"widget\" data-e-type=\"widget\" data-widget_type=\"text-editor.default\">\n\t\t\t\t<div class=\"elementor-widget-container\">\n\t\t\t\t\t\t\t\t\t<p><strong>Si vous avez un probl\u00e8me ou une question n\u00e9cessitant une assistance imm\u00e9diate, vous pouvez cliquer sur le bouton ci-dessous pour discuter en direct avec un repr\u00e9sentant du service client.<\/strong><\/p><p>Veuillez compter entre 6 et 12 jours ouvrables \u00e0 partir de la r\u00e9ception de votre colis retourn\u00e9 pour que le remboursement soit effectu\u00e9.<\/p>\t\t\t\t\t\t\t\t<\/div>\n\t\t\t\t<\/div>\n\t\t<div class=\"elementor-element elementor-element-3fe02975 e-con-full e-flex ecomus-responsive-column ecomus-tablet-column--default ecomus-responsive-column ecomus-mobile-column--default convert--none scrubbed__false pinned__false layout--default bg--none no e-con e-child\" data-id=\"3fe02975\" data-element_type=\"container\" data-e-type=\"container\">\n\t\t\t\t<div class=\"elementor-element elementor-element-43e0b3c3 elementor-widget elementor-widget-ecomus-button\" data-id=\"43e0b3c3\" data-element_type=\"widget\" data-e-type=\"widget\" data-widget_type=\"ecomus-button.default\">\n\t\t\t\t<div class=\"elementor-widget-container\">\n\t\t\t\t\t\t\t<a href=\"https:\/\/kdsignstudio.fr\/?page_id=206\" class=\"ecomus-button-link ecomus-button em-button em-button-subtle\">\r\n\t\t\t\t\t\t\t\t\t<span class=\"ecomus-button-text\">Contactez-nous<\/span>\t\t<\/a>\r\n\t\t\t\t\t\t<\/div>\n\t\t\t\t<\/div>\n\t\t\t\t<\/div>\n\t\t\t\t<\/div>\n\t\t\t\t\t<\/div>\n\t\t\t\t<\/div>\n\t\t\t\t<\/div>\n\t\t","protected":false},"excerpt":{"rendered":"<p>CONFECTION Comment sont confectionn\u00e9s vos panneaux ? Nos panneaux sont fabriqu\u00e9s dans notre atelier situ\u00e9 au Cannet (06). Du design&#8230;<\/p>\n","protected":false},"author":1,"featured_media":0,"parent":0,"menu_order":0,"comment_status":"closed","ping_status":"closed","template":"","meta":{"_acf_changed":false,"footnotes":""},"class_list":["post-466","page","type-page","status-publish","hentry"],"acf":[],"_links":{"self":[{"href":"https:\/\/kdsignstudio.fr\/index.php?rest_route=\/wp\/v2\/pages\/466","targetHints":{"allow":["GET"]}}],"collection":[{"href":"https:\/\/kdsignstudio.fr\/index.php?rest_route=\/wp\/v2\/pages"}],"about":[{"href":"https:\/\/kdsignstudio.fr\/index.php?rest_route=\/wp\/v2\/types\/page"}],"author":[{"embeddable":true,"href":"https:\/\/kdsignstudio.fr\/index.php?rest_route=\/wp\/v2\/users\/1"}],"replies":[{"embeddable":true,"href":"https:\/\/kdsignstudio.fr\/index.php?rest_route=%2Fwp%2Fv2%2Fcomments&post=466"}],"version-history":[{"count":11,"href":"https:\/\/kdsignstudio.fr\/index.php?rest_route=\/wp\/v2\/pages\/466\/revisions"}],"predecessor-version":[{"id":8004,"href":"https:\/\/kdsignstudio.fr\/index.php?rest_route=\/wp\/v2\/pages\/466\/revisions\/8004"}],"wp:attachment":[{"href":"https:\/\/kdsignstudio.fr\/index.php?rest_route=%2Fwp%2Fv2%2Fmedia&parent=466"}],"curies":[{"name":"wp","href":"https:\/\/api.w.org\/{rel}","templated":true}]}}