{"id":6670,"date":"2024-10-21T08:18:25","date_gmt":"2024-10-21T08:18:25","guid":{"rendered":"http:\/\/localhost\/check\/?page_id=6670"},"modified":"2025-04-18T14:00:50","modified_gmt":"2025-04-18T12:00:50","slug":"accueil","status":"publish","type":"page","link":"https:\/\/kdsignstudio.fr\/","title":{"rendered":"KDSIGNSTUDIO \u2013 Signal\u00e9tique Plexiglass &#038; \u00c9v\u00e9nementiel \u00e0 Cannes"},"content":{"rendered":"\t\t<div data-elementor-type=\"wp-page\" data-elementor-id=\"6670\" class=\"elementor elementor-6670\" data-elementor-post-type=\"page\">\n\t\t\t\t<div class=\"elementor-element elementor-element-dfec9f2 e-con-full e-flex ecomus-responsive-column ecomus-tablet-column--default ecomus-responsive-column ecomus-mobile-column--default convert--none scrubbed__false pinned__false layout--default bg--none no e-con e-parent\" data-id=\"dfec9f2\" data-element_type=\"container\" data-e-type=\"container\" data-settings=\"{&quot;background_background&quot;:&quot;video&quot;,&quot;background_video_link&quot;:&quot;https:\\\/\\\/kdsignstudio.fr\\\/wp-content\\\/uploads\\\/2025\\\/01\\\/copy_DB41DDDD-EA92-4C86-9E40-9F013774AACA.mov&quot;,&quot;background_play_on_mobile&quot;:&quot;yes&quot;,&quot;background_privacy_mode&quot;:&quot;yes&quot;}\">\n\t\t<div class=\"elementor-background-video-container\">\n\t\t\t\t\t\t\t<video class=\"elementor-background-video-hosted\" role=\"presentation\" autoplay muted playsinline loop><\/video>\n\t\t\t\t\t<\/div>\t\t<div class=\"elementor-element elementor-element-24ab1b5 elementor-widget elementor-widget-heading\" data-id=\"24ab1b5\" data-element_type=\"widget\" data-e-type=\"widget\" data-widget_type=\"heading.default\">\n\t\t\t\t<div class=\"elementor-widget-container\">\n\t\t\t\t\t<h2 class=\"elementor-heading-title elementor-size-default\">LA FLOWER BOX<\/h2>\t\t\t\t<\/div>\n\t\t\t\t<\/div>\n\t\t\t\t<div class=\"elementor-element elementor-element-b5f7242 elementor-align-center elementor-widget elementor-widget-button\" data-id=\"b5f7242\" data-element_type=\"widget\" data-e-type=\"widget\" data-widget_type=\"button.default\">\n\t\t\t\t<div class=\"elementor-widget-container\">\n\t\t\t\t\t\t\t\t\t<div class=\"elementor-button-wrapper\">\n\t\t\t\t\t<a class=\"elementor-button elementor-button-link elementor-size-sm\" href=\"#\">\n\t\t\t\t\t\t<span class=\"elementor-button-content-wrapper\">\n\t\t\t\t\t\t\t\t\t<span class=\"elementor-button-text\">D\u00c9COUVRIR<\/span>\n\t\t\t\t\t<\/span>\n\t\t\t\t\t<\/a>\n\t\t\t\t<\/div>\n\t\t\t\t\t\t\t\t<\/div>\n\t\t\t\t<\/div>\n\t\t\t\t<\/div>\n\t\t<div class=\"elementor-element elementor-element-309cf0c e-con-full e-flex ecomus-responsive-column ecomus-tablet-column--default ecomus-responsive-column ecomus-mobile-column--default convert--none scrubbed__false pinned__false layout--default bg--none no e-con e-parent\" data-id=\"309cf0c\" data-element_type=\"container\" data-e-type=\"container\">\n\t\t\t\t<div class=\"elementor-element elementor-element-83bbe78 elementor-widget elementor-widget-ecomus-product-grid\" data-id=\"83bbe78\" data-element_type=\"widget\" data-e-type=\"widget\" data-settings=\"{&quot;columns&quot;:&quot;5&quot;,&quot;product_card_layout&quot;:&quot;6&quot;,&quot;limit&quot;:10,&quot;type&quot;:&quot;recent_products&quot;,&quot;hide_product_outofstock&quot;:&quot;no&quot;,&quot;product_outofstock_last&quot;:&quot;no&quot;}\" data-widget_type=\"ecomus-product-grid.default\">\n\t\t\t\t<div class=\"elementor-widget-container\">\n\t\t\t\t\t<div class=\"ecomus-product-grid\"><\/div>\t\t\t\t<\/div>\n\t\t\t\t<\/div>\n\t\t\t\t<\/div>\n\t\t\t\t<\/div>\n\t\t","protected":false},"excerpt":{"rendered":"<p>LA FLOWER BOX D\u00c9COUVRIR (0) LOREM IPSUM (Copie) (Copie) (Copie) (Copie) (Copie) 39,99&nbsp;&euro; Ajouter au panier (0) LOREM IPSUM (Copie)&#8230;<\/p>\n","protected":false},"author":1,"featured_media":0,"parent":0,"menu_order":0,"comment_status":"closed","ping_status":"closed","template":"","meta":{"_acf_changed":false,"footnotes":""},"class_list":["post-6670","page","type-page","status-publish","hentry"],"acf":[],"_links":{"self":[{"href":"https:\/\/kdsignstudio.fr\/index.php?rest_route=\/wp\/v2\/pages\/6670","targetHints":{"allow":["GET"]}}],"collection":[{"href":"https:\/\/kdsignstudio.fr\/index.php?rest_route=\/wp\/v2\/pages"}],"about":[{"href":"https:\/\/kdsignstudio.fr\/index.php?rest_route=\/wp\/v2\/types\/page"}],"author":[{"embeddable":true,"href":"https:\/\/kdsignstudio.fr\/index.php?rest_route=\/wp\/v2\/users\/1"}],"replies":[{"embeddable":true,"href":"https:\/\/kdsignstudio.fr\/index.php?rest_route=%2Fwp%2Fv2%2Fcomments&post=6670"}],"version-history":[{"count":119,"href":"https:\/\/kdsignstudio.fr\/index.php?rest_route=\/wp\/v2\/pages\/6670\/revisions"}],"predecessor-version":[{"id":7988,"href":"https:\/\/kdsignstudio.fr\/index.php?rest_route=\/wp\/v2\/pages\/6670\/revisions\/7988"}],"wp:attachment":[{"href":"https:\/\/kdsignstudio.fr\/index.php?rest_route=%2Fwp%2Fv2%2Fmedia&parent=6670"}],"curies":[{"name":"wp","href":"https:\/\/api.w.org\/{rel}","templated":true}]}}