{"id":6917,"date":"2024-12-20T00:22:14","date_gmt":"2024-12-19T23:22:14","guid":{"rendered":"https:\/\/kdsignstudio.fr\/?page_id=6917"},"modified":"2025-01-26T16:54:35","modified_gmt":"2025-01-26T15:54:35","slug":"politique-de-confidentialite-2","status":"publish","type":"page","link":"https:\/\/kdsignstudio.fr\/?page_id=6917","title":{"rendered":"Politique de confidentialit\u00e9"},"content":{"rendered":"\t\t<div data-elementor-type=\"wp-page\" data-elementor-id=\"6917\" class=\"elementor elementor-6917\" data-elementor-post-type=\"page\">\n\t\t\t\t<div class=\"elementor-element elementor-element-510bbdc e-con-full e-flex ecomus-responsive-column ecomus-tablet-column--default ecomus-responsive-column ecomus-mobile-column--default convert--none scrubbed__false pinned__false layout--default bg--none no e-con e-parent\" data-id=\"510bbdc\" data-element_type=\"container\" data-e-type=\"container\">\n\t\t<div class=\"elementor-element elementor-element-adb52e6 e-con-full e-flex ecomus-responsive-column ecomus-tablet-column--default ecomus-responsive-column ecomus-mobile-column--default convert--none scrubbed__false pinned__false layout--default bg--none no e-con e-child\" data-id=\"adb52e6\" data-element_type=\"container\" data-e-type=\"container\">\n\t\t\t\t<div class=\"elementor-element elementor-element-9ca6865 elementor-widget elementor-widget-heading\" data-id=\"9ca6865\" data-element_type=\"widget\" data-e-type=\"widget\" data-widget_type=\"heading.default\">\n\t\t\t\t<div class=\"elementor-widget-container\">\n\t\t\t\t\t<h4 class=\"elementor-heading-title elementor-size-default\">Mentions l\u00e9gales\n<\/h4>\t\t\t\t<\/div>\n\t\t\t\t<\/div>\n\t\t\t\t<div class=\"elementor-element elementor-element-d8ee223 elementor-widget-divider--view-line elementor-widget elementor-widget-divider\" data-id=\"d8ee223\" data-element_type=\"widget\" data-e-type=\"widget\" data-widget_type=\"divider.default\">\n\t\t\t\t<div class=\"elementor-widget-container\">\n\t\t\t\t\t\t\t<div class=\"elementor-divider\">\n\t\t\t<span class=\"elementor-divider-separator\">\n\t\t\t\t\t\t<\/span>\n\t\t<\/div>\n\t\t\t\t\t\t<\/div>\n\t\t\t\t<\/div>\n\t\t\t\t<div class=\"elementor-element elementor-element-9559ab0 elementor-widget elementor-widget-ecomus-navigation-menu\" data-id=\"9559ab0\" data-element_type=\"widget\" data-e-type=\"widget\" data-settings=\"{&quot;toggle_menu&quot;:&quot;no&quot;}\" data-widget_type=\"ecomus-navigation-menu.default\">\n\t\t\t\t<div class=\"elementor-widget-container\">\n\t\t\t\t\t\t\t\t<div class=\"ecomus-navigation-menu-element\">\n\t\t\t\t\n\t\t\t\t<nav class=\"ecomus-navigation-menu\"><ul id=\"menu-mentions-legales\" class=\"nav-menu ecomus-navigation-menu__menu\"><li id=\"menu-item-6933\" class=\"menu-item menu-item-type-post_type menu-item-object-page menu-item-6933\"><a href=\"https:\/\/kdsignstudio.fr\/?page_id=6888\">Mentions L\u00e9gales \u2013 KDSIGNSTUDIO<\/a><\/li>\n<li id=\"menu-item-6932\" class=\"menu-item menu-item-type-post_type menu-item-object-page menu-item-6932\"><a href=\"https:\/\/kdsignstudio.fr\/?page_id=6912\">Conditions G\u00e9n\u00e9rales de Vente \u2013 KDSIGNSTUDIO<\/a><\/li>\n<li id=\"menu-item-6934\" class=\"menu-item menu-item-type-post_type menu-item-object-page menu-item-6934\"><a href=\"https:\/\/kdsignstudio.fr\/?page_id=6917\">Politique de confidentialit\u00e9<\/a><\/li>\n<li id=\"menu-item-6931\" class=\"menu-item menu-item-type-post_type menu-item-object-page menu-item-6931\"><a href=\"https:\/\/kdsignstudio.fr\/?page_id=6922\">Accessibilit\u00e9 \u2013 KDSIGNSTUDIO<\/a><\/li>\n<\/ul><\/nav>\t\t\t<\/div>\n\t\t\t\t\t\t<\/div>\n\t\t\t\t<\/div>\n\t\t\t\t<\/div>\n\t\t<div class=\"elementor-element elementor-element-91cf54d e-con-full e-flex ecomus-responsive-column ecomus-tablet-column--default ecomus-responsive-column ecomus-mobile-column--default convert--none scrubbed__false pinned__false layout--default bg--none no e-con e-child\" data-id=\"91cf54d\" data-element_type=\"container\" data-e-type=\"container\">\n\t\t\t\t<div class=\"elementor-element elementor-element-a5bacd2 elementor-widget elementor-widget-heading\" data-id=\"a5bacd2\" data-element_type=\"widget\" data-e-type=\"widget\" data-widget_type=\"heading.default\">\n\t\t\t\t<div class=\"elementor-widget-container\">\n\t\t\t\t\t<h4 class=\"elementor-heading-title elementor-size-default\">Politique de confidentialit\u00e9<\/h4>\t\t\t\t<\/div>\n\t\t\t\t<\/div>\n\t\t\t\t<div class=\"elementor-element elementor-element-17ad6cb elementor-widget__width-inherit elementor-widget-divider--view-line elementor-widget elementor-widget-divider\" data-id=\"17ad6cb\" data-element_type=\"widget\" data-e-type=\"widget\" data-widget_type=\"divider.default\">\n\t\t\t\t<div class=\"elementor-widget-container\">\n\t\t\t\t\t\t\t<div class=\"elementor-divider\">\n\t\t\t<span class=\"elementor-divider-separator\">\n\t\t\t\t\t\t<\/span>\n\t\t<\/div>\n\t\t\t\t\t\t<\/div>\n\t\t\t\t<\/div>\n\t\t\t\t<div class=\"elementor-element elementor-element-7ef04f8 elementor-widget__width-initial elementor-widget-mobile__width-inherit elementor-widget elementor-widget-text-editor\" data-id=\"7ef04f8\" data-element_type=\"widget\" data-e-type=\"widget\" data-widget_type=\"text-editor.default\">\n\t\t\t\t<div class=\"elementor-widget-container\">\n\t\t\t\t\t\t\t\t\t<h5>Politique de confidentialit\u00e9<\/h5><p>La pr\u00e9sente <strong>politique de confidentialit\u00e9<\/strong> d\u00e9crit les modalit\u00e9s de collecte, d&rsquo;utilisation et de protection des donn\u00e9es personnelles des utilisateurs du site <strong><a href=\"https:\/\/kdsignstudio.fr\/\">https:\/\/kdsignstudio.fr\/<\/a><\/strong>, exploit\u00e9 par <strong>Kelly MAGRIS<\/strong>, dans le cadre de son activit\u00e9 de vente en ligne. En utilisant notre site, vous acceptez les pratiques d\u00e9crites dans cette politique.<\/p><hr \/><h5>1. Responsable du traitement des donn\u00e9es<\/h5><p>Le traitement des donn\u00e9es personnelles sur ce site est r\u00e9alis\u00e9 par :<\/p><ul><li><strong>Nom :<\/strong> Kelly MAGRIS<\/li><li><strong>Adresse :<\/strong> Cannes, France<\/li><li><strong>Email :<\/strong> <a href=\"mailto:contact@kdsignstudio.fr\">contact@kdsignstudio.fr<\/a><\/li><\/ul><hr \/><h5>2. Donn\u00e9es personnelles collect\u00e9es<\/h5><p>Nous collectons et traitons les donn\u00e9es personnelles strictement n\u00e9cessaires dans les cas suivants :<\/p><h5>Lors de l\u2019inscription ou de l\u2019achat sur le site :<\/h5><ul><li>Nom et pr\u00e9nom<\/li><li>Adresse email<\/li><li>Num\u00e9ro de t\u00e9l\u00e9phone<\/li><li>Adresse postale (facturation et livraison)<\/li><li>Informations de paiement (crypt\u00e9es et s\u00e9curis\u00e9es via notre prestataire de paiement)<\/li><\/ul><h5>Lors de la navigation sur le site :<\/h5><ul><li>Adresse IP<\/li><li>Donn\u00e9es de connexion et de navigation (via les cookies, voir section sur les cookies)<\/li><\/ul><hr \/><h5>3. Finalit\u00e9s du traitement des donn\u00e9es<\/h5><p>Les donn\u00e9es personnelles collect\u00e9es sont utilis\u00e9es pour :<\/p><ul><li>Traiter les commandes et g\u00e9rer les livraisons ;<\/li><li>G\u00e9rer la facturation et les paiements ;<\/li><li>Fournir un service client personnalis\u00e9 et r\u00e9pondre \u00e0 vos demandes ;<\/li><li>Envoyer des communications marketing ou promotionnelles, sous r\u00e9serve de votre consentement ;<\/li><li>Optimiser l\u2019exp\u00e9rience utilisateur sur le site.<\/li><\/ul><hr \/><h5>4. Partage des donn\u00e9es personnelles<\/h5><p>Vos donn\u00e9es personnelles peuvent \u00eatre partag\u00e9es uniquement dans les cas suivants :<\/p><ul><li>Avec nos partenaires logistiques pour assurer la livraison des commandes ;<\/li><li>Avec nos prestataires de paiement (s\u00e9curis\u00e9s et conformes au RGPD) pour traiter vos transactions ;<\/li><li>Avec les autorit\u00e9s comp\u00e9tentes, en cas de demande l\u00e9gale ou pour prot\u00e9ger nos droits.<\/li><\/ul><p>Nous nous engageons \u00e0 ne jamais vendre, louer ou \u00e9changer vos donn\u00e9es personnelles avec des tiers.<\/p><hr \/><h5>5. Dur\u00e9e de conservation des donn\u00e9es<\/h5><p>Les donn\u00e9es personnelles collect\u00e9es sont conserv\u00e9es pour une dur\u00e9e strictement n\u00e9cessaire \u00e0 l&rsquo;accomplissement des finalit\u00e9s mentionn\u00e9es ci-dessus :<\/p><ul><li>Donn\u00e9es li\u00e9es aux commandes : conserv\u00e9es pendant 5 ans (obligations l\u00e9gales et fiscales).<\/li><li>Donn\u00e9es marketing : conserv\u00e9es jusqu\u2019\u00e0 ce que vous retiriez votre consentement ou pendant 3 ans apr\u00e8s votre derni\u00e8re interaction avec notre site.<\/li><\/ul><hr \/><h5>6. S\u00e9curit\u00e9 des donn\u00e9es<\/h5><p>Nous mettons en \u0153uvre des mesures de s\u00e9curit\u00e9 techniques et organisationnelles pour prot\u00e9ger vos donn\u00e9es personnelles contre tout acc\u00e8s non autoris\u00e9, perte, destruction ou divulgation :<\/p><ul><li>Les paiements sont s\u00e9curis\u00e9s via une connexion crypt\u00e9e (SSL) ;<\/li><li>Les donn\u00e9es sensibles sont stock\u00e9es dans des environnements s\u00e9curis\u00e9s accessibles uniquement aux personnes autoris\u00e9es.<\/li><\/ul><hr \/><h5>7. Cookies et technologies similaires<\/h5><p>Nous utilisons des cookies pour am\u00e9liorer votre exp\u00e9rience sur notre site et analyser le trafic :<\/p><ul><li><strong>Cookies essentiels :<\/strong> n\u00e9cessaires au bon fonctionnement du site (panier, connexion).<\/li><li><strong>Cookies analytiques :<\/strong> pour mesurer l\u2019audience et am\u00e9liorer le contenu.<\/li><li><strong>Cookies publicitaires :<\/strong> pour personnaliser les annonces, sous r\u00e9serve de votre consentement.<\/li><\/ul><p>Vous pouvez configurer votre navigateur pour bloquer les cookies ou les supprimer \u00e0 tout moment. Notez que cela peut affecter certaines fonctionnalit\u00e9s du site.<\/p><hr \/><h5>8. Vos droits<\/h5><p>Conform\u00e9ment au RGPD, vous disposez des droits suivants :<\/p><ul><li><strong>Droit d\u2019acc\u00e8s :<\/strong> consulter les donn\u00e9es vous concernant ;<\/li><li><strong>Droit de rectification :<\/strong> corriger des donn\u00e9es inexactes ou incompl\u00e8tes ;<\/li><li><strong>Droit \u00e0 l\u2019effacement :<\/strong> demander la suppression de vos donn\u00e9es, sous certaines conditions ;<\/li><li><strong>Droit d\u2019opposition :<\/strong> refuser l\u2019utilisation de vos donn\u00e9es \u00e0 des fins de prospection ;<\/li><li><strong>Droit \u00e0 la portabilit\u00e9 :<\/strong> r\u00e9cup\u00e9rer vos donn\u00e9es sous un format structur\u00e9 ;<\/li><li><strong>Droit de limitation :<\/strong> restreindre le traitement de vos donn\u00e9es dans certains cas.<\/li><\/ul><p>Pour exercer ces droits, envoyez une demande \u00e9crite \u00e0 :<\/p><ul><li><strong>Email :<\/strong> <a href=\"mailto:contact@kdsignstudio.fr\">contact@kdsignstudio.fr<\/a><\/li><li><strong>Adresse postale :<\/strong>\u00a0<\/li><\/ul><hr \/><h5>9. Modifications de la politique de confidentialit\u00e9<\/h5><p>Cette politique de confidentialit\u00e9 peut \u00eatre mise \u00e0 jour. Nous vous invitons \u00e0 consulter cette page r\u00e9guli\u00e8rement pour prendre connaissance des \u00e9ventuelles modifications.<\/p><hr \/><h5>10. Contact<\/h5><p>Pour toute question concernant cette politique ou le traitement de vos donn\u00e9es personnelles, vous pouvez nous contacter \u00e0 l\u2019adresse suivante : <a href=\"mailto:contact@kdsignstudio.fr\">contact@kdsignstudio.fr<\/a>.<\/p><p>\u00a0<\/p>\t\t\t\t\t\t\t\t<\/div>\n\t\t\t\t<\/div>\n\t\t\t\t<div class=\"elementor-element elementor-element-5a3b68f elementor-widget__width-inherit elementor-widget-divider--view-line elementor-widget elementor-widget-divider\" data-id=\"5a3b68f\" data-element_type=\"widget\" data-e-type=\"widget\" data-widget_type=\"divider.default\">\n\t\t\t\t<div class=\"elementor-widget-container\">\n\t\t\t\t\t\t\t<div class=\"elementor-divider\">\n\t\t\t<span class=\"elementor-divider-separator\">\n\t\t\t\t\t\t<\/span>\n\t\t<\/div>\n\t\t\t\t\t\t<\/div>\n\t\t\t\t<\/div>\n\t\t\t\t<\/div>\n\t\t\t\t<\/div>\n\t\t\t\t<\/div>\n\t\t","protected":false},"excerpt":{"rendered":"<p>Mentions l\u00e9gales Mentions l\u00e9gales Conditions de vente Politique de confidentialit\u00e9 Accessibilit\u00e9 Politique de confidentialit\u00e9 Politique de confidentialit\u00e9 La pr\u00e9sente politique&#8230;<\/p>\n","protected":false},"author":1,"featured_media":0,"parent":0,"menu_order":0,"comment_status":"closed","ping_status":"closed","template":"","meta":{"_acf_changed":false,"footnotes":""},"class_list":["post-6917","page","type-page","status-publish","hentry"],"acf":[],"_links":{"self":[{"href":"https:\/\/kdsignstudio.fr\/index.php?rest_route=\/wp\/v2\/pages\/6917","targetHints":{"allow":["GET"]}}],"collection":[{"href":"https:\/\/kdsignstudio.fr\/index.php?rest_route=\/wp\/v2\/pages"}],"about":[{"href":"https:\/\/kdsignstudio.fr\/index.php?rest_route=\/wp\/v2\/types\/page"}],"author":[{"embeddable":true,"href":"https:\/\/kdsignstudio.fr\/index.php?rest_route=\/wp\/v2\/users\/1"}],"replies":[{"embeddable":true,"href":"https:\/\/kdsignstudio.fr\/index.php?rest_route=%2Fwp%2Fv2%2Fcomments&post=6917"}],"version-history":[{"count":10,"href":"https:\/\/kdsignstudio.fr\/index.php?rest_route=\/wp\/v2\/pages\/6917\/revisions"}],"predecessor-version":[{"id":7731,"href":"https:\/\/kdsignstudio.fr\/index.php?rest_route=\/wp\/v2\/pages\/6917\/revisions\/7731"}],"wp:attachment":[{"href":"https:\/\/kdsignstudio.fr\/index.php?rest_route=%2Fwp%2Fv2%2Fmedia&parent=6917"}],"curies":[{"name":"wp","href":"https:\/\/api.w.org\/{rel}","templated":true}]}}