{"id":6922,"date":"2024-12-20T00:24:07","date_gmt":"2024-12-19T23:24:07","guid":{"rendered":"https:\/\/kdsignstudio.fr\/?page_id=6922"},"modified":"2025-04-18T14:01:56","modified_gmt":"2025-04-18T12:01:56","slug":"accessibilite","status":"publish","type":"page","link":"https:\/\/kdsignstudio.fr\/?page_id=6922","title":{"rendered":"Accessibilit\u00e9 \u2013 KDSIGNSTUDIO"},"content":{"rendered":"\t\t<div data-elementor-type=\"wp-page\" data-elementor-id=\"6922\" class=\"elementor elementor-6922\" data-elementor-post-type=\"page\">\n\t\t\t\t<div class=\"elementor-element elementor-element-510bbdc e-con-full e-flex ecomus-responsive-column ecomus-tablet-column--default ecomus-responsive-column ecomus-mobile-column--default convert--none scrubbed__false pinned__false layout--default bg--none no e-con e-parent\" data-id=\"510bbdc\" data-element_type=\"container\" data-e-type=\"container\">\n\t\t<div class=\"elementor-element elementor-element-adb52e6 e-con-full e-flex ecomus-responsive-column ecomus-tablet-column--default ecomus-responsive-column ecomus-mobile-column--default convert--none scrubbed__false pinned__false layout--default bg--none no e-con e-child\" data-id=\"adb52e6\" data-element_type=\"container\" data-e-type=\"container\">\n\t\t\t\t<div class=\"elementor-element elementor-element-9ca6865 elementor-widget elementor-widget-heading\" data-id=\"9ca6865\" data-element_type=\"widget\" data-e-type=\"widget\" data-widget_type=\"heading.default\">\n\t\t\t\t<div class=\"elementor-widget-container\">\n\t\t\t\t\t<h4 class=\"elementor-heading-title elementor-size-default\">Mentions l\u00e9gales\n<\/h4>\t\t\t\t<\/div>\n\t\t\t\t<\/div>\n\t\t\t\t<div class=\"elementor-element elementor-element-d8ee223 elementor-widget-divider--view-line elementor-widget elementor-widget-divider\" data-id=\"d8ee223\" data-element_type=\"widget\" data-e-type=\"widget\" data-widget_type=\"divider.default\">\n\t\t\t\t<div class=\"elementor-widget-container\">\n\t\t\t\t\t\t\t<div class=\"elementor-divider\">\n\t\t\t<span class=\"elementor-divider-separator\">\n\t\t\t\t\t\t<\/span>\n\t\t<\/div>\n\t\t\t\t\t\t<\/div>\n\t\t\t\t<\/div>\n\t\t\t\t<div class=\"elementor-element elementor-element-9559ab0 elementor-widget elementor-widget-ecomus-navigation-menu\" data-id=\"9559ab0\" data-element_type=\"widget\" data-e-type=\"widget\" data-settings=\"{&quot;toggle_menu&quot;:&quot;no&quot;}\" data-widget_type=\"ecomus-navigation-menu.default\">\n\t\t\t\t<div class=\"elementor-widget-container\">\n\t\t\t\t\t\t\t\t<div class=\"ecomus-navigation-menu-element\">\n\t\t\t\t\n\t\t\t\t<nav class=\"ecomus-navigation-menu\"><ul id=\"menu-mentions-legales\" class=\"nav-menu ecomus-navigation-menu__menu\"><li id=\"menu-item-6933\" class=\"menu-item menu-item-type-post_type menu-item-object-page menu-item-6933\"><a href=\"https:\/\/kdsignstudio.fr\/?page_id=6888\">Mentions L\u00e9gales \u2013 KDSIGNSTUDIO<\/a><\/li>\n<li id=\"menu-item-6932\" class=\"menu-item menu-item-type-post_type menu-item-object-page menu-item-6932\"><a href=\"https:\/\/kdsignstudio.fr\/?page_id=6912\">Conditions G\u00e9n\u00e9rales de Vente \u2013 KDSIGNSTUDIO<\/a><\/li>\n<li id=\"menu-item-6934\" class=\"menu-item menu-item-type-post_type menu-item-object-page menu-item-6934\"><a href=\"https:\/\/kdsignstudio.fr\/?page_id=6917\">Politique de confidentialit\u00e9<\/a><\/li>\n<li id=\"menu-item-6931\" class=\"menu-item menu-item-type-post_type menu-item-object-page menu-item-6931\"><a href=\"https:\/\/kdsignstudio.fr\/?page_id=6922\">Accessibilit\u00e9 \u2013 KDSIGNSTUDIO<\/a><\/li>\n<\/ul><\/nav>\t\t\t<\/div>\n\t\t\t\t\t\t<\/div>\n\t\t\t\t<\/div>\n\t\t\t\t<\/div>\n\t\t<div class=\"elementor-element elementor-element-91cf54d e-con-full e-flex ecomus-responsive-column ecomus-tablet-column--default ecomus-responsive-column ecomus-mobile-column--default convert--none scrubbed__false pinned__false layout--default bg--none no e-con e-child\" data-id=\"91cf54d\" data-element_type=\"container\" data-e-type=\"container\">\n\t\t\t\t<div class=\"elementor-element elementor-element-a5bacd2 elementor-widget elementor-widget-heading\" data-id=\"a5bacd2\" data-element_type=\"widget\" data-e-type=\"widget\" data-widget_type=\"heading.default\">\n\t\t\t\t<div class=\"elementor-widget-container\">\n\t\t\t\t\t<h4 class=\"elementor-heading-title elementor-size-default\">Accessibilit\u00e9<\/h4>\t\t\t\t<\/div>\n\t\t\t\t<\/div>\n\t\t\t\t<div class=\"elementor-element elementor-element-17ad6cb elementor-widget__width-inherit elementor-widget-divider--view-line elementor-widget elementor-widget-divider\" data-id=\"17ad6cb\" data-element_type=\"widget\" data-e-type=\"widget\" data-widget_type=\"divider.default\">\n\t\t\t\t<div class=\"elementor-widget-container\">\n\t\t\t\t\t\t\t<div class=\"elementor-divider\">\n\t\t\t<span class=\"elementor-divider-separator\">\n\t\t\t\t\t\t<\/span>\n\t\t<\/div>\n\t\t\t\t\t\t<\/div>\n\t\t\t\t<\/div>\n\t\t\t\t<div class=\"elementor-element elementor-element-7ef04f8 elementor-widget__width-initial elementor-widget-mobile__width-inherit elementor-widget elementor-widget-text-editor\" data-id=\"7ef04f8\" data-element_type=\"widget\" data-e-type=\"widget\" data-widget_type=\"text-editor.default\">\n\t\t\t\t<div class=\"elementor-widget-container\">\n\t\t\t\t\t\t\t\t\t<h5>Politique d&rsquo;Accessibilit\u00e9<\/h5><p>La soci\u00e9t\u00e9 <strong>Kelly MAGRIS<\/strong>, exploitant le site <strong><a href=\"https:\/\/kdsignstudio.fr\/\">https:\/\/kdsignstudio.fr\/<\/a><\/strong>, s&rsquo;engage \u00e0 rendre son site accessible \u00e0 tous, conform\u00e9ment aux normes en vigueur et aux bonnes pratiques d\u2019accessibilit\u00e9 num\u00e9rique. Nous reconnaissons l&rsquo;importance de garantir une exp\u00e9rience utilisateur inclusive, notamment pour les personnes en situation de handicap.<\/p><hr \/><h5>1. Notre engagement en mati\u00e8re d&rsquo;accessibilit\u00e9<\/h5><p>Nous mettons tout en \u0153uvre pour :<\/p><ul><li>Faciliter l\u2019acc\u00e8s \u00e0 nos contenus pour les personnes ayant des limitations visuelles, auditives, motrices ou cognitives.<\/li><li>Respecter les recommandations d\u00e9finies par le <strong>R\u00e9f\u00e9rentiel G\u00e9n\u00e9ral d&rsquo;Am\u00e9lioration de l&rsquo;Accessibilit\u00e9 (RGAA)<\/strong> et les normes <strong>WCAG 2.1 (Web Content Accessibility Guidelines)<\/strong>.<\/li><li>Am\u00e9liorer continuellement l&rsquo;accessibilit\u00e9 de notre site en tenant compte des retours utilisateurs et des \u00e9volutions techniques.<\/li><\/ul><hr \/><h5>2. Mesures mises en place<\/h5><p>Pour garantir l\u2019accessibilit\u00e9 du site <strong><a href=\"https:\/\/kdsignstudio.fr\/\">https:\/\/kdsignstudio.fr\/<\/a><\/strong>, nous avons mis en place les mesures suivantes :<\/p><ul><li><strong>Navigation simplifi\u00e9e :<\/strong> Une structure logique et hi\u00e9rarchique pour faciliter la navigation au clavier et aux lecteurs d\u2019\u00e9cran.<\/li><li><strong>Compatibilit\u00e9 avec les lecteurs d\u2019\u00e9cran :<\/strong> Les textes et balises sont optimis\u00e9s pour \u00eatre lisibles par les technologies d\u2019assistance.<\/li><li><strong>Contrastes optimis\u00e9s :<\/strong> Des combinaisons de couleurs assurant une lisibilit\u00e9 maximale pour les utilisateurs malvoyants ou daltoniens.<\/li><li><strong>Alternatives aux contenus visuels :<\/strong> Des descriptions textuelles (balises ALT) pour toutes les images importantes.<\/li><li><strong>Textes adaptatifs :<\/strong> Une compatibilit\u00e9 avec les outils de zoom ou d\u2019agrandissement de texte pour les utilisateurs ayant une basse vision.<\/li><\/ul><hr \/><h5>3. Assistance et support<\/h5><p>Si vous rencontrez des difficult\u00e9s pour acc\u00e9der \u00e0 certaines parties du site ou utiliser certaines fonctionnalit\u00e9s, nous vous invitons \u00e0 nous contacter :<\/p><ul><li><strong>Email :<\/strong> <a href=\"mailto:contact@kdsignstudio.fr\">contact@kdsignstudio.fr<\/a><\/li><li><strong>Adresse postale :<\/strong> Cannes, France<\/li><\/ul><p>Nous nous engageons \u00e0 r\u00e9pondre rapidement et \u00e0 proposer des solutions alternatives pour rendre nos services accessibles.<\/p><hr \/><h5>4. Limitations et am\u00e9liorations continues<\/h5><p>Malgr\u00e9 nos efforts pour garantir l&rsquo;accessibilit\u00e9 de <strong><a href=\"https:\/\/kdsignstudio.fr\/\">https:\/\/kdsignstudio.fr\/<\/a><\/strong>, certains contenus ou fonctionnalit\u00e9s peuvent encore pr\u00e9senter des difficult\u00e9s d\u2019acc\u00e8s.<\/p><ul><li>Si vous identifiez une barri\u00e8re \u00e0 l\u2019accessibilit\u00e9, nous vous remercions de nous le signaler via l\u2019adresse <strong><a href=\"mailto:contact@kdsignstudio.fr\">contact@kdsignstudio.fr<\/a><\/strong>.<\/li><li>Vos retours nous aideront \u00e0 am\u00e9liorer continuellement notre site.<\/li><\/ul><hr \/><h5>5. Droit applicable<\/h5><p>Cette politique d\u2019accessibilit\u00e9 est r\u00e9gie par le droit fran\u00e7ais. Tout litige relatif \u00e0 l\u2019accessibilit\u00e9 sera soumis aux juridictions comp\u00e9tentes.<\/p><hr \/><p>Nous restons pleinement engag\u00e9s \u00e0 offrir une exp\u00e9rience inclusive et \u00e9quitable pour tous les utilisateurs. Si vous avez des suggestions ou des demandes sp\u00e9cifiques pour am\u00e9liorer l\u2019accessibilit\u00e9, n\u2019h\u00e9sitez pas \u00e0 nous en faire part.\u00a0<\/p>\t\t\t\t\t\t\t\t<\/div>\n\t\t\t\t<\/div>\n\t\t\t\t<div class=\"elementor-element elementor-element-5a3b68f elementor-widget__width-inherit elementor-widget-divider--view-line elementor-widget elementor-widget-divider\" data-id=\"5a3b68f\" data-element_type=\"widget\" data-e-type=\"widget\" data-widget_type=\"divider.default\">\n\t\t\t\t<div class=\"elementor-widget-container\">\n\t\t\t\t\t\t\t<div class=\"elementor-divider\">\n\t\t\t<span class=\"elementor-divider-separator\">\n\t\t\t\t\t\t<\/span>\n\t\t<\/div>\n\t\t\t\t\t\t<\/div>\n\t\t\t\t<\/div>\n\t\t\t\t<\/div>\n\t\t\t\t<\/div>\n\t\t\t\t<\/div>\n\t\t","protected":false},"excerpt":{"rendered":"<p>Mentions l\u00e9gales Mentions l\u00e9gales Conditions de vente Politique de confidentialit\u00e9 Accessibilit\u00e9 Accessibilit\u00e9 Politique d&rsquo;Accessibilit\u00e9 La soci\u00e9t\u00e9 Kelly MAGRIS, exploitant le&#8230;<\/p>\n","protected":false},"author":1,"featured_media":0,"parent":0,"menu_order":0,"comment_status":"closed","ping_status":"closed","template":"","meta":{"_acf_changed":false,"footnotes":""},"class_list":["post-6922","page","type-page","status-publish","hentry"],"acf":[],"_links":{"self":[{"href":"https:\/\/kdsignstudio.fr\/index.php?rest_route=\/wp\/v2\/pages\/6922","targetHints":{"allow":["GET"]}}],"collection":[{"href":"https:\/\/kdsignstudio.fr\/index.php?rest_route=\/wp\/v2\/pages"}],"about":[{"href":"https:\/\/kdsignstudio.fr\/index.php?rest_route=\/wp\/v2\/types\/page"}],"author":[{"embeddable":true,"href":"https:\/\/kdsignstudio.fr\/index.php?rest_route=\/wp\/v2\/users\/1"}],"replies":[{"embeddable":true,"href":"https:\/\/kdsignstudio.fr\/index.php?rest_route=%2Fwp%2Fv2%2Fcomments&post=6922"}],"version-history":[{"count":14,"href":"https:\/\/kdsignstudio.fr\/index.php?rest_route=\/wp\/v2\/pages\/6922\/revisions"}],"predecessor-version":[{"id":7991,"href":"https:\/\/kdsignstudio.fr\/index.php?rest_route=\/wp\/v2\/pages\/6922\/revisions\/7991"}],"wp:attachment":[{"href":"https:\/\/kdsignstudio.fr\/index.php?rest_route=%2Fwp%2Fv2%2Fmedia&parent=6922"}],"curies":[{"name":"wp","href":"https:\/\/api.w.org\/{rel}","templated":true}]}}